{"id":25,"date":"2023-08-01T13:39:22","date_gmt":"2023-08-01T13:39:22","guid":{"rendered":"https:\/\/hargitaihanna.hu\/?page_id=25"},"modified":"2025-05-28T17:02:55","modified_gmt":"2025-05-28T17:02:55","slug":"kezdolap","status":"publish","type":"page","link":"https:\/\/hargitaihanna.hu\/","title":{"rendered":""},"content":{"rendered":"\n<p class=\"has-text-align-center has-large-font-size\"><strong>Kedves \u00c9rdekl\u0151d\u0151! <\/strong><\/p>\n\n\n\n<p class=\"has-text-align-center\">Jelenleg sz\u00fcl\u00e9si szabads\u00e1gon vagyok, \u00faj klienseket egy ideig nem tudok fogadni. <\/p>\n\n\n\n<p class=\"has-text-align-center\">Minden ember \u00e9let\u00e9ben ad\u00f3dhatnak olyan \u00e9lethelyzetek, amikor \u00fagy \u00e9rzi, sz\u00fcks\u00e9ge lenne t\u00e1mogat\u00e1sra, egy k\u00fcls\u0151 megtart\u00f3 er\u0151re. Sokan f\u00e9lnek a seg\u00edts\u00e9gk\u00e9r\u00e9st\u0151l, mert att\u00f3l tartanak, hogy k\u00f6rnyezet\u00fckben emiatt gyeng\u00e9nek tal\u00e1ln\u00e1k, esetleg probl\u00e9m\u00e1jukat t\u00fals\u00e1gosan sz\u00e9gyellnival\u00f3nak gondolj\u00e1k ahhoz, hogy megossz\u00e1k egy idegennel. Emiatt h\u00f3napok, \u00e9vek is eltelhetek a probl\u00e9ma megjelen\u00e9se \u00e9s a szakember felkeres\u00e9se k\u00f6z\u00f6tt. Mindenkinek joga van ahhoz, hogy meghallgass\u00e1k \u00e9s komolyan vegy\u00e9k. Ha neh\u00e9z \u00e9lethelyzetben van \u00e9s szeretne egy \u00edt\u00e9lkez\u00e9st\u0151l mentes \u00e9s biztons\u00e1gos l\u00e9gk\u00f6rben, \u0151szint\u00e9n besz\u00e9lni az \u00d6nt \u00e9rint\u0151 neh\u00e9zs\u00e9gekr\u0151l, keressen bizalommal.<\/p>\n\n\n\n<p class=\"has-text-align-center has-black-color has-text-color has-background has-medium-font-size\" style=\"background-color:#ffffff63\"> A szolg\u00e1ltat\u00e1sr\u00f3l \u00e9s az \u00e1rakr\u00f3l a fenti men\u00fcpontok alatt t\u00e1j\u00e9koz\u00f3dhat. <\/p>\n\n\n\n<p><\/p>\n\n\n\n<p class=\"has-white-color has-text-color\"><\/p>\n\n\n\n<p><\/p>\n","protected":false},"excerpt":{"rendered":"<p>Kedves \u00c9rdekl\u0151d\u0151! Jelenleg sz\u00fcl\u00e9si szabads\u00e1gon vagyok, \u00faj klienseket egy ideig nem tudok fogadni. Minden ember \u00e9let\u00e9ben ad\u00f3dhatnak olyan \u00e9lethelyzetek, amikor \u00fagy \u00e9rzi, sz\u00fcks\u00e9ge lenne t\u00e1mogat\u00e1sra, egy k\u00fcls\u0151 megtart\u00f3 er\u0151re. Sokan f\u00e9lnek a seg\u00edts\u00e9gk\u00e9r\u00e9st\u0151l, mert att\u00f3l tartanak, hogy k\u00f6rnyezet\u00fckben emiatt gyeng\u00e9nek tal\u00e1ln\u00e1k, esetleg probl\u00e9m\u00e1jukat t\u00fals\u00e1gosan sz\u00e9gyellnival\u00f3nak gondolj\u00e1k ahhoz, hogy megossz\u00e1k egy idegennel. Emiatt h\u00f3napok, \u00e9vek is eltelhetek a probl\u00e9ma megjelen\u00e9se \u00e9s a szakember felkeres\u00e9se k\u00f6z\u00f6tt. Mindenkinek joga van ahhoz, hogy meghallgass\u00e1k \u00e9s komolyan vegy\u00e9k. Ha neh\u00e9z \u00e9lethelyzetben van \u00e9s szeretne egy \u00edt\u00e9lkez\u00e9st\u0151l mentes \u00e9s biztons\u00e1gos l\u00e9gk\u00f6rben, \u0151szint\u00e9n besz\u00e9lni az \u00d6nt \u00e9rint\u0151 neh\u00e9zs\u00e9gekr\u0151l, keressen bizalommal. A szolg\u00e1ltat\u00e1sr\u00f3l \u00e9s az \u00e1rakr\u00f3l a fenti men\u00fcpontok alatt t\u00e1j\u00e9koz\u00f3dhat.<\/p>\n","protected":false},"author":1,"featured_media":0,"parent":0,"menu_order":0,"comment_status":"closed","ping_status":"closed","template":"","meta":{"footnotes":""},"class_list":["post-25","page","type-page","status-publish","hentry"],"_links":{"self":[{"href":"https:\/\/hargitaihanna.hu\/index.php?rest_route=\/wp\/v2\/pages\/25","targetHints":{"allow":["GET"]}}],"collection":[{"href":"https:\/\/hargitaihanna.hu\/index.php?rest_route=\/wp\/v2\/pages"}],"about":[{"href":"https:\/\/hargitaihanna.hu\/index.php?rest_route=\/wp\/v2\/types\/page"}],"author":[{"embeddable":true,"href":"https:\/\/hargitaihanna.hu\/index.php?rest_route=\/wp\/v2\/users\/1"}],"replies":[{"embeddable":true,"href":"https:\/\/hargitaihanna.hu\/index.php?rest_route=%2Fwp%2Fv2%2Fcomments&post=25"}],"version-history":[{"count":27,"href":"https:\/\/hargitaihanna.hu\/index.php?rest_route=\/wp\/v2\/pages\/25\/revisions"}],"predecessor-version":[{"id":247,"href":"https:\/\/hargitaihanna.hu\/index.php?rest_route=\/wp\/v2\/pages\/25\/revisions\/247"}],"wp:attachment":[{"href":"https:\/\/hargitaihanna.hu\/index.php?rest_route=%2Fwp%2Fv2%2Fmedia&parent=25"}],"curies":[{"name":"wp","href":"https:\/\/api.w.org\/{rel}","templated":true}]}}