{"id":27,"date":"2023-08-01T13:39:22","date_gmt":"2023-08-01T13:39:22","guid":{"rendered":"https:\/\/hargitaihanna.hu\/?page_id=27"},"modified":"2023-10-16T16:37:27","modified_gmt":"2023-10-16T16:37:27","slug":"rolunk","status":"publish","type":"page","link":"https:\/\/hargitaihanna.hu\/?page_id=27","title":{"rendered":""},"content":{"rendered":"\n<div class=\"wp-block-media-text alignwide is-stacked-on-mobile\" style=\"grid-template-columns:26% auto\"><figure class=\"wp-block-media-text__media\"><img loading=\"lazy\" decoding=\"async\" width=\"683\" height=\"1024\" src=\"https:\/\/hargitaihanna.hu\/wp-content\/uploads\/2023\/08\/rolam-kep-2-683x1024.jpg\" alt=\"\" class=\"wp-image-132 size-full\" srcset=\"https:\/\/hargitaihanna.hu\/wp-content\/uploads\/2023\/08\/rolam-kep-2-683x1024.jpg 683w, https:\/\/hargitaihanna.hu\/wp-content\/uploads\/2023\/08\/rolam-kep-2-200x300.jpg 200w, https:\/\/hargitaihanna.hu\/wp-content\/uploads\/2023\/08\/rolam-kep-2-768x1152.jpg 768w, https:\/\/hargitaihanna.hu\/wp-content\/uploads\/2023\/08\/rolam-kep-2-1024x1536.jpg 1024w, https:\/\/hargitaihanna.hu\/wp-content\/uploads\/2023\/08\/rolam-kep-2-1365x2048.jpg 1365w, https:\/\/hargitaihanna.hu\/wp-content\/uploads\/2023\/08\/rolam-kep-2-1140x1710.jpg 1140w, https:\/\/hargitaihanna.hu\/wp-content\/uploads\/2023\/08\/rolam-kep-2-scaled.jpg 1707w\" sizes=\"auto, (max-width: 683px) 100vw, 683px\" \/><\/figure><div class=\"wp-block-media-text__content\">\n<p class=\"has-text-align-center has-small-font-size\">Hargitai Hanna Lilla vagyok, okleveles pszichol\u00f3gus \u00e9s szexu\u00e1lpszichol\u00f3giai szakpszichol\u00f3gus jel\u00f6lt. Mag\u00e1nrendel\u00e9semen els\u0151sorban fiatal feln\u0151ttekkel \u00e9s feln\u0151ttekkel folytatok egy\u00e9ni pszichol\u00f3giai konzult\u00e1ci\u00f3t \u00e9s szexu\u00e1lpszichol\u00f3giai tan\u00e1csad\u00e1st, de sz\u00edvesen fogadom m\u00e1s koroszt\u00e1ly tagjait is.<\/p>\n\n\n\n<p class=\"has-text-align-center has-small-font-size\">\u00d6r\u00f6mmel dolgozom egy\u00fctt <strong>b\u00e1rmilyen szexu\u00e1lis orient\u00e1ci\u00f3j\u00fa \u00e9s nemi identit\u00e1s\u00fa<\/strong> szem\u00e9llyel.<\/p>\n\n\n\n<p class=\"has-text-align-center has-small-font-size\">Munk\u00e1m sor\u00e1n a <strong>szem\u00e9lyk\u00f6zpont\u00fa megk\u00f6zel\u00edt\u00e9s<\/strong> alapelvei (emp\u00e1tia, felt\u00e9tel n\u00e9lk\u00fcli elfogad\u00e1s, kongruencia) \u00e9s a <strong>rendszerszeml\u00e9let <\/strong>a meghat\u00e1roz\u00f3. \u00dagy v\u00e9lem, hogy egy adott ember \u00e9s probl\u00e9m\u00e1ja nem \u00e9rtelmezhet\u0151 kiz\u00e1r\u00f3lag \u00f6nmag\u00e1ban, az \u0151t k\u00f6r\u00fclvev\u0151 k\u00f6rnyezet \u00e9s kapcsolatok figyelmen k\u00edv\u00fcl hagy\u00e1s\u00e1val. Ebb\u0151l ad\u00f3d\u00f3an p\u00e1rkapcsolati \u00e9s szexu\u00e1lis neh\u00e9zs\u00e9g eset\u00e9n el\u0151fordul, hogy mindk\u00e9t f\u00e9l meghallgat\u00e1sa \u00e9s bevon\u00e1sa sz\u00fcks\u00e9ges a hat\u00e9kony munka \u00e9rdek\u00e9ben.&nbsp;<\/p>\n<\/div><\/div>\n\n\n\n<p><\/p>\n\n\n\n<p class=\"has-text-align-center has-black-color has-pale-cyan-blue-background-color has-text-color has-background has-medium-font-size\"><strong><u>Tanulm\u00e1nyaim<\/u><\/strong><\/p>\n\n\n\n<p class=\"has-vivid-cyan-blue-color has-text-color\"><strong>2021-t\u0151l<\/strong><\/p>\n\n\n\n<p>E\u00f6tv\u00f6s Lor\u00e1nd Tudom\u00e1nyegyetem &#8211; <strong>Szexu\u00e1lpszichol\u00f3giai szakpszichol\u00f3gus (abszolut\u00f3rium)<\/strong><\/p>\n\n\n\n<p class=\"has-vivid-cyan-blue-color has-text-color\"><strong>2017-2020<\/strong><\/p>\n\n\n\n<p>E\u00f6tv\u00f6s Lor\u00e1nd Tudom\u00e1nyegyetem \u2013 <strong>Okleveles pszichol\u00f3gus<\/strong>, <strong><em>Klinikai- \u00e9s eg\u00e9szs\u00e9gpszichol\u00f3giai szakir\u00e1ny<\/em><\/strong><\/p>\n\n\n\n<p class=\"has-vivid-cyan-blue-color has-text-color\"><strong>2014-2017<\/strong><\/p>\n\n\n\n<p>P\u00e1zm\u00e1ny P\u00e9ter Katolikus Egyetem \u2013 <strong>Viselked\u00e9selemz\u0151<\/strong><\/p>\n\n\n\n<p class=\"has-vivid-cyan-blue-color has-text-color\"><strong>2011-2014<\/strong><\/p>\n\n\n\n<p>K\u00e1roli G\u00e1sp\u00e1r Reform\u00e1tus Egyetem &#8211; <strong>Vall\u00e1st\u00f6rt\u00e9net szakos b\u00f6lcs\u00e9sz<\/strong><\/p>\n\n\n\n<p class=\"has-vivid-cyan-blue-color has-text-color\"><strong>2008-2011<\/strong><\/p>\n\n\n\n<p>K\u00e1roli G\u00e1sp\u00e1r Reform\u00e1tus Egyetem &#8211; <strong>Szabadb\u00f6lcs\u00e9sz<\/strong><\/p>\n\n\n\n<p><\/p>\n\n\n\n<p class=\"has-text-align-center has-black-color has-pale-cyan-blue-background-color has-text-color has-background has-medium-font-size\"><strong><u>Egy\u00e9b tanfolyamok<\/u><\/strong><\/p>\n\n\n\n<p class=\"has-vivid-cyan-blue-color has-text-color\"><strong>2023-t\u00f3l<\/strong><\/p>\n\n\n\n<p><strong>Sessions<\/strong> \u2013 online Clinical Training by Esther Perel<\/p>\n\n\n\n<p class=\"has-vivid-cyan-blue-color has-text-color\"><strong>2022<\/strong><\/p>\n\n\n\n<p><strong>Kr\u00edzistan\u00e1csad\u00e1s \u00e9s a ny\u00edlt \u00f6r\u00f6kbefogad\u00e1sok k\u00f6zvet\u00edt\u00e9se<\/strong> \u2013 tov\u00e1bbk\u00e9pz\u00e9s, Csal\u00e1dbar\u00e1t Magyarorsz\u00e1g K\u00f6zpont<\/p>\n\n\n\n<p class=\"has-vivid-cyan-blue-color has-text-color\"><strong>2021<\/strong><\/p>\n\n\n\n<p><strong>Ter\u00e1pi\u00e1s macska alkalmaz\u00e1si lehet\u0151s\u00e9gei \u00e9s k\u00e9pz\u00e9se<\/strong> \u2013 workshop, B\u00e1nszky No\u00e9mi, ZsebiBaba Fejleszt\u0151 K\u00f6zpont<\/p>\n\n\n\n<p class=\"has-vivid-cyan-blue-color has-text-color\"><strong>2017<\/strong><\/p>\n\n\n\n<p><strong>Szondi-teszt alaptanfolyam<\/strong> \u2013 Dr. Szondi Lip\u00f3t Eml\u00e9kalap\u00edtv\u00e1ny<\/p>\n\n\n\n<p><\/p>\n\n\n\n<p class=\"has-pale-cyan-blue-background-color has-background\"><strong>Tags\u00e1gok<\/strong><\/p>\n\n\n\n<p>2023 &#8211; <strong>Magyar Szexu\u00e1lis Medicina T\u00e1rsas\u00e1g<\/strong><\/p>\n","protected":false},"excerpt":{"rendered":"<p>Hargitai Hanna Lilla vagyok, okleveles pszichol\u00f3gus \u00e9s szexu\u00e1lpszichol\u00f3giai szakpszichol\u00f3gus jel\u00f6lt. Mag\u00e1nrendel\u00e9semen els\u0151sorban fiatal feln\u0151ttekkel \u00e9s feln\u0151ttekkel folytatok egy\u00e9ni pszichol\u00f3giai konzult\u00e1ci\u00f3t \u00e9s szexu\u00e1lpszichol\u00f3giai tan\u00e1csad\u00e1st, de sz\u00edvesen fogadom m\u00e1s koroszt\u00e1ly tagjait is. \u00d6r\u00f6mmel dolgozom egy\u00fctt b\u00e1rmilyen szexu\u00e1lis orient\u00e1ci\u00f3j\u00fa \u00e9s nemi identit\u00e1s\u00fa szem\u00e9llyel. Munk\u00e1m sor\u00e1n a szem\u00e9lyk\u00f6zpont\u00fa megk\u00f6zel\u00edt\u00e9s alapelvei (emp\u00e1tia, felt\u00e9tel n\u00e9lk\u00fcli elfogad\u00e1s, kongruencia) \u00e9s a rendszerszeml\u00e9let a meghat\u00e1roz\u00f3. \u00dagy v\u00e9lem, hogy egy adott ember \u00e9s probl\u00e9m\u00e1ja nem \u00e9rtelmezhet\u0151 kiz\u00e1r\u00f3lag \u00f6nmag\u00e1ban, az \u0151t k\u00f6r\u00fclvev\u0151 k\u00f6rnyezet \u00e9s kapcsolatok figyelmen k\u00edv\u00fcl hagy\u00e1s\u00e1val. Ebb\u0151l ad\u00f3d\u00f3an p\u00e1rkapcsolati \u00e9s szexu\u00e1lis neh\u00e9zs\u00e9g eset\u00e9n el\u0151fordul, hogy mindk\u00e9t f\u00e9l meghallgat\u00e1sa \u00e9s bevon\u00e1sa sz\u00fcks\u00e9ges a hat\u00e9kony munka \u00e9rdek\u00e9ben.&nbsp; Tanulm\u00e1nyaim 2021-t\u0151l E\u00f6tv\u00f6s Lor\u00e1nd Tudom\u00e1nyegyetem &#8211; Szexu\u00e1lpszichol\u00f3giai szakpszichol\u00f3gus (abszolut\u00f3rium) 2017-2020 E\u00f6tv\u00f6s Lor\u00e1nd Tudom\u00e1nyegyetem \u2013 Okleveles pszichol\u00f3gus, Klinikai- \u00e9s eg\u00e9szs\u00e9gpszichol\u00f3giai szakir\u00e1ny 2014-2017 P\u00e1zm\u00e1ny P\u00e9ter Katolikus Egyetem \u2013 Viselked\u00e9selemz\u0151 2011-2014 K\u00e1roli G\u00e1sp\u00e1r Reform\u00e1tus Egyetem &#8211; Vall\u00e1st\u00f6rt\u00e9net szakos b\u00f6lcs\u00e9sz 2008-2011 K\u00e1roli G\u00e1sp\u00e1r Reform\u00e1tus Egyetem &#8211; Szabadb\u00f6lcs\u00e9sz Egy\u00e9b tanfolyamok 2023-t\u00f3l Sessions \u2013 online Clinical Training by Esther Perel 2022 Kr\u00edzistan\u00e1csad\u00e1s \u00e9s a ny\u00edlt \u00f6r\u00f6kbefogad\u00e1sok k\u00f6zvet\u00edt\u00e9se \u2013 tov\u00e1bbk\u00e9pz\u00e9s, Csal\u00e1dbar\u00e1t Magyarorsz\u00e1g K\u00f6zpont 2021 Ter\u00e1pi\u00e1s macska alkalmaz\u00e1si lehet\u0151s\u00e9gei \u00e9s k\u00e9pz\u00e9se \u2013 workshop, B\u00e1nszky No\u00e9mi, ZsebiBaba Fejleszt\u0151 K\u00f6zpont 2017 Szondi-teszt alaptanfolyam \u2013 Dr. Szondi Lip\u00f3t Eml\u00e9kalap\u00edtv\u00e1ny Tags\u00e1gok 2023 &#8211; Magyar Szexu\u00e1lis Medicina T\u00e1rsas\u00e1g<\/p>\n","protected":false},"author":1,"featured_media":0,"parent":0,"menu_order":0,"comment_status":"closed","ping_status":"closed","template":"","meta":{"footnotes":""},"class_list":["post-27","page","type-page","status-publish","hentry"],"_links":{"self":[{"href":"https:\/\/hargitaihanna.hu\/index.php?rest_route=\/wp\/v2\/pages\/27","targetHints":{"allow":["GET"]}}],"collection":[{"href":"https:\/\/hargitaihanna.hu\/index.php?rest_route=\/wp\/v2\/pages"}],"about":[{"href":"https:\/\/hargitaihanna.hu\/index.php?rest_route=\/wp\/v2\/types\/page"}],"author":[{"embeddable":true,"href":"https:\/\/hargitaihanna.hu\/index.php?rest_route=\/wp\/v2\/users\/1"}],"replies":[{"embeddable":true,"href":"https:\/\/hargitaihanna.hu\/index.php?rest_route=%2Fwp%2Fv2%2Fcomments&post=27"}],"version-history":[{"count":14,"href":"https:\/\/hargitaihanna.hu\/index.php?rest_route=\/wp\/v2\/pages\/27\/revisions"}],"predecessor-version":[{"id":237,"href":"https:\/\/hargitaihanna.hu\/index.php?rest_route=\/wp\/v2\/pages\/27\/revisions\/237"}],"wp:attachment":[{"href":"https:\/\/hargitaihanna.hu\/index.php?rest_route=%2Fwp%2Fv2%2Fmedia&parent=27"}],"curies":[{"name":"wp","href":"https:\/\/api.w.org\/{rel}","templated":true}]}}