{"id":60,"date":"2023-08-01T14:12:17","date_gmt":"2023-08-01T14:12:17","guid":{"rendered":"https:\/\/hargitaihanna.hu\/?page_id=60"},"modified":"2025-05-28T16:58:51","modified_gmt":"2025-05-28T16:58:51","slug":"arak","status":"publish","type":"page","link":"https:\/\/hargitaihanna.hu\/?page_id=60","title":{"rendered":"\u00c1rak"},"content":{"rendered":"\n<p class=\"has-text-align-center has-black-color has-pale-cyan-blue-background-color has-text-color has-background has-medium-font-size\"><strong>Pszichol\u00f3giai konzult\u00e1ci\u00f3: <\/strong>18000 Ft\/50 perc<\/p>\n\n\n\n<p class=\"has-text-align-center has-black-color has-pale-cyan-blue-background-color has-text-color has-background has-medium-font-size\"><strong>Szexu\u00e1lpszichol\u00f3giai konzult\u00e1ci\u00f3: <\/strong>18000 Ft\/50 perc<\/p>\n\n\n\n<p class=\"has-text-align-center has-black-color has-pale-cyan-blue-background-color has-text-color has-background has-medium-font-size\"><strong>P\u00e1ros pszichol\u00f3giai konzult\u00e1ci\u00f3: <\/strong>25000 Ft\/90 perc<\/p>\n\n\n\n<p><\/p>\n\n\n\n<p class=\"has-text-align-center has-medium-font-size\"><em>Az \u00e1rak az online \u00e9s a szem\u00e9lyes form\u00e1ban t\u00f6rt\u00e9n\u0151 konzult\u00e1ci\u00f3kra egyar\u00e1nt vonatkoznak.<\/em><\/p>\n\n\n\n<p><\/p>\n\n\n\n<p class=\"has-text-align-center has-medium-font-size\"><em>Lehet\u0151s\u00e9g van egy\u00e9ni \u00e1rszab\u00e1s k\u00e9r\u00e9s\u00e9re. Amennyiben erre ig\u00e9nyt tartana, k\u00e9rem, hogy a bejelentkez\u00e9skor ezt jelezze!<\/em><\/p>\n\n\n\n<p><\/p>\n\n\n\n<p><\/p>\n","protected":false},"excerpt":{"rendered":"<p>Pszichol\u00f3giai konzult\u00e1ci\u00f3: 18000 Ft\/50 perc Szexu\u00e1lpszichol\u00f3giai konzult\u00e1ci\u00f3: 18000 Ft\/50 perc P\u00e1ros pszichol\u00f3giai konzult\u00e1ci\u00f3: 25000 Ft\/90 perc Az \u00e1rak az online \u00e9s a szem\u00e9lyes form\u00e1ban t\u00f6rt\u00e9n\u0151 konzult\u00e1ci\u00f3kra egyar\u00e1nt vonatkoznak. Lehet\u0151s\u00e9g van egy\u00e9ni \u00e1rszab\u00e1s k\u00e9r\u00e9s\u00e9re. Amennyiben erre ig\u00e9nyt tartana, k\u00e9rem, hogy a bejelentkez\u00e9skor ezt jelezze!<\/p>\n","protected":false},"author":1,"featured_media":0,"parent":0,"menu_order":0,"comment_status":"closed","ping_status":"closed","template":"","meta":{"footnotes":""},"class_list":["post-60","page","type-page","status-publish","hentry"],"_links":{"self":[{"href":"https:\/\/hargitaihanna.hu\/index.php?rest_route=\/wp\/v2\/pages\/60","targetHints":{"allow":["GET"]}}],"collection":[{"href":"https:\/\/hargitaihanna.hu\/index.php?rest_route=\/wp\/v2\/pages"}],"about":[{"href":"https:\/\/hargitaihanna.hu\/index.php?rest_route=\/wp\/v2\/types\/page"}],"author":[{"embeddable":true,"href":"https:\/\/hargitaihanna.hu\/index.php?rest_route=\/wp\/v2\/users\/1"}],"replies":[{"embeddable":true,"href":"https:\/\/hargitaihanna.hu\/index.php?rest_route=%2Fwp%2Fv2%2Fcomments&post=60"}],"version-history":[{"count":15,"href":"https:\/\/hargitaihanna.hu\/index.php?rest_route=\/wp\/v2\/pages\/60\/revisions"}],"predecessor-version":[{"id":245,"href":"https:\/\/hargitaihanna.hu\/index.php?rest_route=\/wp\/v2\/pages\/60\/revisions\/245"}],"wp:attachment":[{"href":"https:\/\/hargitaihanna.hu\/index.php?rest_route=%2Fwp%2Fv2%2Fmedia&parent=60"}],"curies":[{"name":"wp","href":"https:\/\/api.w.org\/{rel}","templated":true}]}}