{"id":61,"date":"2023-08-01T14:12:17","date_gmt":"2023-08-01T14:12:17","guid":{"rendered":"https:\/\/hargitaihanna.hu\/?page_id=61"},"modified":"2023-08-06T19:00:54","modified_gmt":"2023-08-06T19:00:54","slug":"pszichologiai-konzultacio","status":"publish","type":"page","link":"https:\/\/hargitaihanna.hu\/?page_id=61","title":{"rendered":"Pszichol\u00f3giai konzult\u00e1ci\u00f3"},"content":{"rendered":"\n<p><\/p>\n\n\n\n<p class=\"has-text-align-right has-medium-font-size\"><em>\u201eHa egy probl\u00e9m\u00e1t kimondasz, f\u00e9lig m\u00e1r meg is oldottad&#8221;<\/em> <\/p>\n\n\n\n<p class=\"has-text-align-right\">                                                                                                               \/g\u00f6r\u00f6g sz\u00f3l\u00e1s\/<\/p>\n\n\n\n<p><\/p>\n\n\n\n<p class=\"has-text-align-center has-black-color has-pale-cyan-blue-background-color has-text-color has-background has-medium-font-size\"><strong><u>Mire sz\u00e1m\u00edthat a konzult\u00e1ci\u00f3 sor\u00e1n?<\/u><\/strong><\/p>\n\n\n\n<p>Az \u00fcl\u00e9sek <mark style=\"background-color:rgba(0, 0, 0, 0)\" class=\"has-inline-color has-black-color\"><strong>50 percesek \u00e9s heti vagy k\u00e9theti rendszeress\u00e9ggel<\/strong>,<\/mark> \u00e1ltal\u00e1ban ugyanazon a napon t\u00f6rt\u00e9nnek.<\/p>\n\n\n\n<p>Az els\u0151 n\u00e9h\u00e1ny \u00fcl\u00e9sen (kb. 1-3 alkalom) ker\u00fcl sor az \u00fan. <strong><mark style=\"background-color:rgba(0, 0, 0, 0)\" class=\"has-inline-color has-black-color\">&#8222;els\u0151 interj\u00fara&#8221;<\/mark><\/strong>, mely keretein bel\u00fcl felt\u00e9rk\u00e9pezem a hozott probl\u00e9m\u00e1t, jelenlegi \u00e9lethelyzet\u00e9t, csal\u00e1di h\u00e1tter\u00e9t. Ezek alapj\u00e1n d\u00f6ntj\u00fck el, hogy tudjuk-e folytatni a k\u00f6z\u00f6s munk\u00e1t, \u00e9s ha igen, milyen keretek k\u00f6z\u00f6tt \u00e9s milyen c\u00e9llal.\u00a0 <\/p>\n\n\n\n<p>A konzult\u00e1ci\u00f3k sz\u00fcks\u00e9g eset\u00e9n, egy\u00e9nre szabottan otthon elv\u00e9gzend\u0151 h\u00e1zi feladatokkal, gyakorlatokkal eg\u00e9sz\u00fclnek ki.<\/p>\n\n\n\n<p>A konzult\u00e1ci\u00f3k minden esetben a <strong><mark style=\"background-color:rgba(0, 0, 0, 0)\" class=\"has-inline-color has-black-color\">Pszichol\u00f3gusok Szakmai Etikai K\u00f3dex\u00e9ben<\/mark><\/strong> foglaltak szerint, a <strong>titoktart\u00e1s <\/strong>biztos\u00edt\u00e1s\u00e1val t\u00f6rt\u00e9nnek. A titoktart\u00e1s a folyamat lez\u00e1r\u00e1sa ut\u00e1n is k\u00f6telez.<\/p>\n\n\n\n<p>A szolg\u00e1ltat\u00e1s nem nem min\u0151s\u00fcl eg\u00e9szs\u00e9g\u00fcgyi tev\u00e9kenys\u00e9gnek. Ha az \u00fcl\u00e9sek sor\u00e1n kapott inform\u00e1ci\u00f3k alapj\u00e1n \u00fagy v\u00e9lem, hogy a probl\u00e9m\u00e1ja klinikusi kompetenci\u00e1t ig\u00e9nyel, \u00fagy minden esetben t\u00e1j\u00e9koztatom \u00d6nt err\u0151l, \u00e9s javaslatot teszek a kezel\u00e9s folytat\u00e1s\u00e1r\u00f3l, illetve amennyiben lehets\u00e9ges, aj\u00e1nlok \u00d6nnek m\u00e1sik szakembert.<\/p>\n\n\n\n<p>Lehet\u0151s\u00e9g van <mark style=\"background-color:rgba(0, 0, 0, 0)\" class=\"has-inline-color has-black-color\"><strong>az \u00fcl\u00e9sek el\u0151zetes lemond\u00e1s\u00e1ra<\/strong>. <\/mark>Amennyiben ez nem t\u00f6rt\u00e9nik meg <strong><mark style=\"background-color:rgba(0, 0, 0, 0)\" class=\"has-inline-color has-black-color\">az \u00fcl\u00e9st megel\u0151z\u0151 24 \u00f3r\u00e1ban<\/mark><\/strong>, az \u00fcl\u00e9s \u00e1ra kisz\u00e1ml\u00e1z\u00e1sra ker\u00fcl. T\u00f6bbsz\u00f6ri lemond\u00e1s eset\u00e9n a pszichol\u00f3gus el\u00e1llhat a tov\u00e1bbi \u00fcl\u00e9sek biztos\u00edt\u00e1s\u00e1t\u00f3l.<\/p>\n\n\n\n<p><strong><em><mark style=\"background-color:rgba(0, 0, 0, 0)\" class=\"has-inline-color has-black-color\">18 \u00e9ven aluliak eset\u00e9n mindk\u00e9t sz\u00fcl\u0151 \u00edr\u00e1sos beleegyez\u00e9se sz\u00fcks\u00e9ges a konzult\u00e1ci\u00f3 megkezd\u00e9se el\u0151tt!<\/mark><\/em><\/strong><\/p>\n\n\n\n<p>Munk\u00e1mat rendszeres szakmai szuperv\u00edzi\u00f3 mellett v\u00e9gzem, emellett saj\u00e1t \u00f6nismereti ter\u00e1pi\u00e1s munk\u00e1m is folyamatban van.<\/p>\n\n\n\n<p><\/p>\n\n\n\n<p class=\"has-text-align-center has-black-color has-pale-cyan-blue-background-color has-text-color has-background has-medium-font-size\"><strong><u>Milyen t\u00e9m\u00e1kkal fordulhat hozz\u00e1m? <\/u><\/strong><\/p>\n\n\n\n<ul class=\"wp-block-list\">\n<li>\u00d6nismeret m\u00e9ly\u00edt\u00e9se<\/li>\n\n\n\n<li>Identit\u00e1ssal kapcsolatos kr\u00edzisek<\/li>\n\n\n\n<li>\u00d6nbizalom, \u00f6n\u00e9rt\u00e9kel\u00e9s<\/li>\n\n\n\n<li>\u00c9letvezet\u00e9si neh\u00e9zs\u00e9gek<\/li>\n\n\n\n<li>Szexualit\u00e1ssal kapcsolatos elakad\u00e1sok<\/li>\n\n\n\n<li>Csal\u00e1di\/p\u00e1rkapcsolati v\u00e1ls\u00e1gok<\/li>\n\n\n\n<li>H\u0171tlens\u00e9g<\/li>\n\n\n\n<li>V\u00e1l\u00e1s, szak\u00edt\u00e1s, vesztes\u00e9gek feldolgoz\u00e1sa<\/li>\n\n\n\n<li>P\u00e1rtal\u00e1l\u00e1si neh\u00e9zs\u00e9g, mag\u00e1ny<\/li>\n\n\n\n<li>Megv\u00e1ltozott \u00e9lethelyzet<\/li>\n\n\n\n<li>Pszichoszomatikus betegs\u00e9gek<\/li>\n\n\n\n<li>Kapunyit\u00e1si kr\u00edzis, sz\u00fcl\u0151kr\u0151l val\u00f3 lev\u00e1l\u00e1s neh\u00e9zs\u00e9ge<\/li>\n\n\n\n<li>B\u00e1ntalmaz\u00f3 kapcsolatok felismer\u00e9se, azokb\u00f3l val\u00f3 kil\u00e9p\u00e9s<\/li>\n\n\n\n<li>LMBTQ+ affirmat\u00edv szeml\u00e9let\u0171 konzult\u00e1ci\u00f3<\/li>\n<\/ul>\n\n\n\n<p class=\"has-text-align-center has-black-color has-pale-cyan-blue-background-color has-text-color has-background has-medium-font-size\"><strong><u>Akkor is v\u00e1rom, ha az al\u00e1bbiakban mag\u00e1ra ismer \u00e9s szeretne v\u00e1ltoztatni<\/u><\/strong><\/p>\n\n\n\n<ul class=\"wp-block-list\">\n<li>\u00dagy \u00e9rzi, hogy nem m\u00e9lt\u00f3 m\u00e1sok szeretet\u00e9re<\/li>\n\n\n\n<li>K\u00f6rnyezete nem tartja komolynak vesztes\u00e9g\u00e9t (pl. szak\u00edt\u00e1s, h\u00e1zi\u00e1llat elveszt\u00e9se eset\u00e9n)<\/li>\n\n\n\n<li>F\u00e9l az elk\u00f6telez\u0151d\u00e9st\u0151l, nincsenek tart\u00f3s p\u00e1rkapcsolatai<\/li>\n\n\n\n<li>Nem k\u00e9pes p\u00e1rkapcsolat n\u00e9lk\u00fcl \u00e9lni<\/li>\n\n\n\n<li>Nehezen mutatja ki az \u00e9rzelmeit<\/li>\n\n\n\n<li>\u00c1lland\u00f3 sz\u00e9gyent \u00e9s b\u0171ntudatot \u00e9rez<\/li>\n\n\n\n<li>Nem tud nemet mondani<\/li>\n\n\n\n<li>Folyamatosan szerepet j\u00e1tszik m\u00e1sok el\u0151tt<\/li>\n\n\n\n<li>\u00dagy \u00e9rzi, hogy nem a saj\u00e1t \u00e9let\u00e9t \u00e9li<\/li>\n\n\n\n<li>Egyed\u00fcl van, nincsenek bar\u00e1tai<\/li>\n\n\n\n<li>\u00d6n a csal\u00e1d \u201efekete b\u00e1r\u00e1nya&#8221;<\/li>\n\n\n\n<li>L\u00e1tsz\u00f3lag t\u00f6k\u00e9letes az \u00e9lete, m\u00e9gsem \u00e9rez el\u00e9gedetts\u00e9get<\/li>\n\n\n\n<li>P\u00e1rkapcsolaton bel\u00fcl nincsen orgazmusa<\/li>\n\n\n\n<li>Orgazmust sz\u00ednlel<\/li>\n\n\n\n<li>A szexre teljes\u00edtend\u0151 feladatk\u00e9nt tekint<\/li>\n\n\n\n<li>M\u00e1r csak a porn\u00f3 izgatja fel<\/li>\n\n\n\n<li>Nem k\u00edv\u00e1nja a szexet \u00e9s emiatt \u00fagy \u00e9rzi, hogy baj van \u00d6nnel<\/li>\n\n\n\n<li>Eltitkolja m\u00e1sok el\u0151l szexu\u00e1lis orient\u00e1ci\u00f3j\u00e1t, nemi identit\u00e1s\u00e1t<\/li>\n\n\n\n<li>Nem mer p\u00e1rj\u00e1val \u0151szint\u00e9n besz\u00e9lni \u00e9rz\u00e9seir\u0151l, v\u00e1gyair\u00f3l<\/li>\n<\/ul>\n\n\n\n<p><\/p>\n\n\n\n<p class=\"has-text-align-center has-black-color has-pale-cyan-blue-background-color has-text-color has-background has-medium-font-size\"><em><mark style=\"background-color:rgba(0, 0, 0, 0)\" class=\"has-inline-color has-black-color\">Illetve, ha nem tudja pontosan megfogalmazni, hogy mi a baj, de szeretne v\u00e1ltoztatni, vagy ha egyszer\u0171en csak szeretn\u00e9, hogy valaki \u00edt\u00e9lkez\u00e9s n\u00e9lk\u00fcl meghallgassa \u00d6nt.<\/mark><\/em><\/p>\n\n\n\n<p><\/p>\n","protected":false},"excerpt":{"rendered":"<p>\u201eHa egy probl\u00e9m\u00e1t kimondasz, f\u00e9lig m\u00e1r meg is oldottad&#8221; \/g\u00f6r\u00f6g sz\u00f3l\u00e1s\/ Mire sz\u00e1m\u00edthat a konzult\u00e1ci\u00f3 sor\u00e1n? Az \u00fcl\u00e9sek 50 percesek \u00e9s heti vagy k\u00e9theti rendszeress\u00e9ggel, \u00e1ltal\u00e1ban ugyanazon a napon t\u00f6rt\u00e9nnek. Az els\u0151 n\u00e9h\u00e1ny \u00fcl\u00e9sen (kb. 1-3 alkalom) ker\u00fcl sor az \u00fan. &#8222;els\u0151 interj\u00fara&#8221;, mely keretein bel\u00fcl felt\u00e9rk\u00e9pezem a hozott probl\u00e9m\u00e1t, jelenlegi \u00e9lethelyzet\u00e9t, csal\u00e1di h\u00e1tter\u00e9t. Ezek alapj\u00e1n d\u00f6ntj\u00fck el, hogy tudjuk-e folytatni a k\u00f6z\u00f6s munk\u00e1t, \u00e9s ha igen, milyen keretek k\u00f6z\u00f6tt \u00e9s milyen c\u00e9llal.\u00a0 A konzult\u00e1ci\u00f3k sz\u00fcks\u00e9g eset\u00e9n, egy\u00e9nre szabottan otthon elv\u00e9gzend\u0151 h\u00e1zi feladatokkal, gyakorlatokkal eg\u00e9sz\u00fclnek ki. A konzult\u00e1ci\u00f3k minden esetben a Pszichol\u00f3gusok Szakmai Etikai K\u00f3dex\u00e9ben foglaltak szerint, a titoktart\u00e1s biztos\u00edt\u00e1s\u00e1val t\u00f6rt\u00e9nnek. A titoktart\u00e1s a folyamat lez\u00e1r\u00e1sa ut\u00e1n is k\u00f6telez. A szolg\u00e1ltat\u00e1s nem nem min\u0151s\u00fcl eg\u00e9szs\u00e9g\u00fcgyi tev\u00e9kenys\u00e9gnek. Ha az \u00fcl\u00e9sek sor\u00e1n kapott inform\u00e1ci\u00f3k alapj\u00e1n \u00fagy v\u00e9lem, hogy a probl\u00e9m\u00e1ja klinikusi kompetenci\u00e1t ig\u00e9nyel, \u00fagy minden esetben t\u00e1j\u00e9koztatom \u00d6nt err\u0151l, \u00e9s javaslatot teszek a kezel\u00e9s folytat\u00e1s\u00e1r\u00f3l, illetve amennyiben lehets\u00e9ges, aj\u00e1nlok \u00d6nnek m\u00e1sik szakembert. Lehet\u0151s\u00e9g van az \u00fcl\u00e9sek el\u0151zetes lemond\u00e1s\u00e1ra. Amennyiben ez nem t\u00f6rt\u00e9nik meg az \u00fcl\u00e9st megel\u0151z\u0151 24 \u00f3r\u00e1ban, az \u00fcl\u00e9s \u00e1ra kisz\u00e1ml\u00e1z\u00e1sra ker\u00fcl. T\u00f6bbsz\u00f6ri lemond\u00e1s eset\u00e9n a pszichol\u00f3gus el\u00e1llhat a tov\u00e1bbi \u00fcl\u00e9sek biztos\u00edt\u00e1s\u00e1t\u00f3l. 18 \u00e9ven aluliak eset\u00e9n mindk\u00e9t sz\u00fcl\u0151 \u00edr\u00e1sos beleegyez\u00e9se sz\u00fcks\u00e9ges a konzult\u00e1ci\u00f3 megkezd\u00e9se el\u0151tt! Munk\u00e1mat rendszeres szakmai szuperv\u00edzi\u00f3 mellett v\u00e9gzem, emellett saj\u00e1t \u00f6nismereti ter\u00e1pi\u00e1s munk\u00e1m is folyamatban van. Milyen t\u00e9m\u00e1kkal fordulhat hozz\u00e1m? Akkor is v\u00e1rom, ha az al\u00e1bbiakban mag\u00e1ra ismer \u00e9s szeretne v\u00e1ltoztatni Illetve, ha nem tudja pontosan megfogalmazni, hogy mi a baj, de szeretne v\u00e1ltoztatni, vagy ha egyszer\u0171en csak szeretn\u00e9, hogy valaki \u00edt\u00e9lkez\u00e9s n\u00e9lk\u00fcl meghallgassa \u00d6nt.<\/p>\n","protected":false},"author":1,"featured_media":0,"parent":0,"menu_order":0,"comment_status":"closed","ping_status":"closed","template":"","meta":{"footnotes":""},"class_list":["post-61","page","type-page","status-publish","hentry"],"_links":{"self":[{"href":"https:\/\/hargitaihanna.hu\/index.php?rest_route=\/wp\/v2\/pages\/61","targetHints":{"allow":["GET"]}}],"collection":[{"href":"https:\/\/hargitaihanna.hu\/index.php?rest_route=\/wp\/v2\/pages"}],"about":[{"href":"https:\/\/hargitaihanna.hu\/index.php?rest_route=\/wp\/v2\/types\/page"}],"author":[{"embeddable":true,"href":"https:\/\/hargitaihanna.hu\/index.php?rest_route=\/wp\/v2\/users\/1"}],"replies":[{"embeddable":true,"href":"https:\/\/hargitaihanna.hu\/index.php?rest_route=%2Fwp%2Fv2%2Fcomments&post=61"}],"version-history":[{"count":32,"href":"https:\/\/hargitaihanna.hu\/index.php?rest_route=\/wp\/v2\/pages\/61\/revisions"}],"predecessor-version":[{"id":208,"href":"https:\/\/hargitaihanna.hu\/index.php?rest_route=\/wp\/v2\/pages\/61\/revisions\/208"}],"wp:attachment":[{"href":"https:\/\/hargitaihanna.hu\/index.php?rest_route=%2Fwp%2Fv2%2Fmedia&parent=61"}],"curies":[{"name":"wp","href":"https:\/\/api.w.org\/{rel}","templated":true}]}}